{"id":658,"date":"2025-12-26T10:35:24","date_gmt":"2025-12-26T09:35:24","guid":{"rendered":"https:\/\/home.atiaquaristik.com\/?page_id=658"},"modified":"2026-01-10T02:24:07","modified_gmt":"2026-01-10T01:24:07","slug":"impressum","status":"publish","type":"page","link":"https:\/\/homepagenewcp.atiaquaristik.com\/de\/impressum\/","title":{"rendered":"Impressum"},"content":{"rendered":"\t\t<div data-elementor-type=\"wp-page\" data-elementor-id=\"658\" class=\"elementor elementor-658\" data-elementor-post-type=\"page\">\n\t\t\t\t<div class=\"elementor-element elementor-element-bc834dc e-con-full e-flex e-con e-parent\" data-id=\"bc834dc\" data-element_type=\"container\" data-e-type=\"container\" data-settings=\"{&quot;background_background&quot;:&quot;classic&quot;}\">\n\t\t\t\t<div class=\"elementor-element elementor-element-274f9944 elementor-widget elementor-widget-heading\" data-id=\"274f9944\" data-element_type=\"widget\" data-e-type=\"widget\" data-widget_type=\"heading.default\">\n\t\t\t\t\t<h2 class=\"elementor-heading-title elementor-size-default\">Impressum<\/h2>\t\t\t\t<\/div>\n\t\t\t\t<div class=\"elementor-element elementor-element-5f12fa63 elementor-widget elementor-widget-text-editor\" data-id=\"5f12fa63\" data-element_type=\"widget\" data-e-type=\"widget\" data-widget_type=\"text-editor.default\">\n\t\t\t\t\t\t\t\t\t<p style=\"text-align: center;\">Home \/ Impressum<\/p>\t\t\t\t\t\t\t\t<\/div>\n\t\t\t\t<\/div>\n\t\t<div class=\"elementor-element elementor-element-682c1081 section-m e-flex e-con-boxed e-con e-parent\" data-id=\"682c1081\" data-element_type=\"container\" data-e-type=\"container\" data-settings=\"{&quot;background_background&quot;:&quot;classic&quot;}\">\n\t\t\t\t\t<div class=\"e-con-inner\">\n\t\t<div class=\"elementor-element elementor-element-4277e933 e-con-full e-flex e-con e-child\" data-id=\"4277e933\" data-element_type=\"container\" data-e-type=\"container\">\n\t\t\t\t<div class=\"elementor-element elementor-element-296b33a2 elementor-widget elementor-widget-heading\" data-id=\"296b33a2\" data-element_type=\"widget\" data-e-type=\"widget\" data-widget_type=\"heading.default\">\n\t\t\t\t\t<h2 class=\"elementor-heading-title elementor-size-default\">Gesetzliche Anbieterkennung:<\/h2>\t\t\t\t<\/div>\n\t\t\t\t<div class=\"elementor-element elementor-element-7db507bb elementor-widget elementor-widget-text-editor\" data-id=\"7db507bb\" data-element_type=\"widget\" data-e-type=\"widget\" data-widget_type=\"text-editor.default\">\n\t\t\t\t\t\t\t\t\t<p>ATI Aquaristik GmbH<br \/>diese vertr. d. d. Gesch\u00e4ftsf\u00fchrer Dr. Christian Kapaun, Oliver Pritzel, Matthias Kapaun<br \/>Herbert-Rust-Weg 14<br \/>59071 Hamm Deutschland<br \/>Telefon: +4923818710126<br \/>E-Mail: info@atiaquaristik.com<br \/>USt-IdNr.: DE240412152\u00a0<br \/>WEEE-Reg.-Nr.:\u00a0DE65229018<br \/><br \/><\/p><p>eingetragen im Handelsregister des Amtsgerichtes Hamm Handelsregisternummer HRB 9951 Alternative Streitbeilegung: Die Europ\u00e4ische Kommission stellt eine Plattform f\u00fcr die au\u00dfergerichtliche Online-Streitbeilegung (OS-Plattform) bereit, aufrufbar unter\u00a0https:\/\/ec.europa.eu\/odr.<\/p>\t\t\t\t\t\t\t\t<\/div>\n\t\t\t\t<\/div>\n\t\t\t\t\t<\/div>\n\t\t\t\t<\/div>\n\t\t\t\t<\/div>\n\t\t","protected":false},"excerpt":{"rendered":"<p>Impressum Home \/ Impressum Gesetzliche Anbieterkennung: ATI Aquaristik GmbHdiese vertr. d. d. Gesch\u00e4ftsf\u00fchrer Dr. Christian Kapaun, Oliver Pritzel, Matthias KapaunHerbert-Rust-Weg 1459071 Hamm DeutschlandTelefon: +4923818710126E-Mail: info@atiaquaristik.comUSt-IdNr.: DE240412152\u00a0WEEE-Reg.-Nr.:\u00a0DE65229018 eingetragen im Handelsregister des Amtsgerichtes Hamm Handelsregisternummer HRB 9951 Alternative Streitbeilegung: Die Europ\u00e4ische Kommission stellt eine Plattform f\u00fcr die au\u00dfergerichtliche Online-Streitbeilegung (OS-Plattform) bereit, aufrufbar unter\u00a0https:\/\/ec.europa.eu\/odr.<\/p>\n","protected":false},"author":1,"featured_media":0,"parent":0,"menu_order":0,"comment_status":"closed","ping_status":"closed","template":"elementor_header_footer","meta":{"_acf_changed":false,"footnotes":""},"class_list":["post-658","page","type-page","status-publish","hentry"],"acf":[],"_links":{"self":[{"href":"https:\/\/homepagenewcp.atiaquaristik.com\/de\/wp-json\/wp\/v2\/pages\/658","targetHints":{"allow":["GET"]}}],"collection":[{"href":"https:\/\/homepagenewcp.atiaquaristik.com\/de\/wp-json\/wp\/v2\/pages"}],"about":[{"href":"https:\/\/homepagenewcp.atiaquaristik.com\/de\/wp-json\/wp\/v2\/types\/page"}],"author":[{"embeddable":true,"href":"https:\/\/homepagenewcp.atiaquaristik.com\/de\/wp-json\/wp\/v2\/users\/1"}],"replies":[{"embeddable":true,"href":"https:\/\/homepagenewcp.atiaquaristik.com\/de\/wp-json\/wp\/v2\/comments?post=658"}],"version-history":[{"count":6,"href":"https:\/\/homepagenewcp.atiaquaristik.com\/de\/wp-json\/wp\/v2\/pages\/658\/revisions"}],"predecessor-version":[{"id":4635,"href":"https:\/\/homepagenewcp.atiaquaristik.com\/de\/wp-json\/wp\/v2\/pages\/658\/revisions\/4635"}],"wp:attachment":[{"href":"https:\/\/homepagenewcp.atiaquaristik.com\/de\/wp-json\/wp\/v2\/media?parent=658"}],"curies":[{"name":"wp","href":"https:\/\/api.w.org\/{rel}","templated":true}]}}