{"id":684,"date":"2025-12-26T10:48:47","date_gmt":"2025-12-26T09:48:47","guid":{"rendered":"https:\/\/home.atiaquaristik.com\/?page_id=684"},"modified":"2026-01-10T02:09:12","modified_gmt":"2026-01-10T01:09:12","slug":"sand","status":"publish","type":"page","link":"https:\/\/homepagenewcp.atiaquaristik.com\/de\/reefessentials\/sand\/","title":{"rendered":"Sand"},"content":{"rendered":"\t\t<div data-elementor-type=\"wp-page\" data-elementor-id=\"684\" class=\"elementor elementor-684\" data-elementor-post-type=\"page\">\n\t\t\t\t<div class=\"elementor-element elementor-element-ce1f8d3 e-con-full e-flex e-con e-parent\" data-id=\"ce1f8d3\" data-element_type=\"container\" data-e-type=\"container\" data-settings=\"{&quot;background_background&quot;:&quot;classic&quot;}\">\n\t\t\t\t<div class=\"elementor-element elementor-element-e2320fd elementor-widget elementor-widget-heading\" data-id=\"e2320fd\" data-element_type=\"widget\" data-e-type=\"widget\" data-widget_type=\"heading.default\">\n\t\t\t\t\t<h2 class=\"elementor-heading-title elementor-size-default\">Sand<\/h2>\t\t\t\t<\/div>\n\t\t\t\t<div class=\"elementor-element elementor-element-4c97ecc elementor-widget elementor-widget-text-editor\" data-id=\"4c97ecc\" data-element_type=\"widget\" data-e-type=\"widget\" data-widget_type=\"text-editor.default\">\n\t\t\t\t\t\t\t\t\tREEFEssentials \/ Sand\t\t\t\t\t\t\t\t<\/div>\n\t\t\t\t<\/div>\n\t\t<div class=\"elementor-element elementor-element-f250ed0 section-l e-flex e-con-boxed e-con e-parent\" data-id=\"f250ed0\" data-element_type=\"container\" data-e-type=\"container\">\n\t\t\t\t\t<div class=\"e-con-inner\">\n\t\t\t\t<div class=\"elementor-element elementor-element-c8a88d5 elementor-grid-3 elementor-grid-tablet-2 elementor-grid-mobile-1 elementor-widget elementor-widget-loop-grid\" data-id=\"c8a88d5\" data-element_type=\"widget\" data-e-type=\"widget\" data-settings=\"{&quot;template_id&quot;:&quot;709&quot;,&quot;columns&quot;:3,&quot;row_gap&quot;:{&quot;unit&quot;:&quot;rem&quot;,&quot;size&quot;:0,&quot;sizes&quot;:[]},&quot;row_gap_tablet&quot;:{&quot;unit&quot;:&quot;rem&quot;,&quot;size&quot;:&quot;&quot;,&quot;sizes&quot;:[]},&quot;row_gap_mobile&quot;:{&quot;unit&quot;:&quot;rem&quot;,&quot;size&quot;:&quot;&quot;,&quot;sizes&quot;:[]},&quot;_skin&quot;:&quot;post&quot;,&quot;columns_tablet&quot;:&quot;2&quot;,&quot;columns_mobile&quot;:&quot;1&quot;,&quot;edit_handle_selector&quot;:&quot;[data-elementor-type=\\&quot;loop-item\\&quot;]&quot;}\" data-widget_type=\"loop-grid.post\">\n\t\t\t\t<div class=\"elementor-widget-container\">\n\t\t\t\t\t\t\t<div class=\"elementor-loop-container elementor-grid\" role=\"list\">\n\t\t<style id=\"loop-709\">.elementor-709 .elementor-element.elementor-element-55d915f7{--display:flex;--flex-direction:column;--container-widget-width:100%;--container-widget-height:initial;--container-widget-flex-grow:0;--container-widget-align-self:initial;--flex-wrap-mobile:wrap;--padding-top:1rem;--padding-bottom:1rem;--padding-left:1rem;--padding-right:1rem;}.elementor-709 .elementor-element.elementor-element-2fe8a935:hover img{opacity:0.9;filter:brightness( 108% ) contrast( 100% ) saturate( 100% ) blur( 0px ) hue-rotate( 0deg );}.elementor-709 .elementor-element.elementor-element-2fe8a935 img{transition-duration:0.5s;}.elementor-709 .elementor-element.elementor-element-17dfb9cf{text-align:center;}.elementor-709 .elementor-element.elementor-element-17dfb9cf .elementor-heading-title{font-family:\"Sailec Medium\", Sans-serif;font-size:1rem;font-weight:bold;text-transform:none;line-height:1.2em;}.elementor-709 .elementor-element.elementor-element-17dfb9cf .elementor-heading-title a:hover, .elementor-709 .elementor-element.elementor-element-17dfb9cf .elementor-heading-title a:focus{color:#3A58A7;}.elementor-709 .elementor-element.elementor-element-17dfb9cf .elementor-heading-title a{transition-duration:0.5s;}.elementor-709 .elementor-element.elementor-element-96d0f6a{text-align:center;color:#484848;font-family:\"Sailec Light\", Sans-serif;font-size:0.9rem;font-weight:normal;text-transform:none;line-height:1.4em;}.elementor-709 .elementor-element.elementor-element-d347b2b{text-align:center;font-family:\"Sailec Light\", Sans-serif;font-size:0.9rem;font-weight:normal;text-transform:none;line-height:1.4em;color:#484848;}@media(max-width:767px){.elementor-709 .elementor-element.elementor-element-55d915f7{--align-items:center;--container-widget-width:calc( ( 1 - var( --container-widget-flex-grow ) ) * 100% );--gap:1rem 1rem;--row-gap:1rem;--column-gap:1rem;--padding-top:5%;--padding-bottom:5%;--padding-left:0%;--padding-right:0%;}.elementor-709 .elementor-element.elementor-element-2fe8a935 img{width:90%;}}<\/style>\t\t<div data-elementor-type=\"loop-item\" data-elementor-id=\"709\" class=\"elementor elementor-709 e-loop-item e-loop-item-132 post-132 ati-menu type-ati-menu status-publish has-post-thumbnail hentry menu-reefessentials-sand\" data-elementor-post-type=\"elementor_library\" data-custom-edit-handle=\"1\">\n\t\t\t<div class=\"elementor-element elementor-element-55d915f7 e-con-full e-flex e-con e-parent\" data-id=\"55d915f7\" data-element_type=\"container\" data-e-type=\"container\" data-settings=\"{&quot;animation&quot;:&quot;none&quot;}\">\n\t\t\t\t<div class=\"elementor-element elementor-element-2fe8a935 elementor-widget elementor-widget-theme-post-featured-image elementor-widget-image\" data-id=\"2fe8a935\" data-element_type=\"widget\" data-e-type=\"widget\" data-settings=\"{&quot;_animation&quot;:&quot;none&quot;}\" data-widget_type=\"theme-post-featured-image.default\">\n\t\t\t\t\t\t\t\t\t\t\t\t<figure class=\"wp-caption\">\n\t\t\t\t\t\t\t\t\t\t\t<a href=\"https:\/\/shop.atiaquaristik.com\/reefessentials\/sand\/\">\n\t\t\t\t\t\t\t<img decoding=\"async\" src=\"https:\/\/homepagenewcp.atiaquaristik.com\/wp-content\/uploads\/elementor\/thumbs\/ATI_Fiji_White_Sand_1920x1280-rmqhj5lq7cqs4h5lkf52bn9x6qb70eqqktw4su5ji8.png\" title=\"ATI_Fiji_White_Sand_1920x1280\" alt=\"ATI_Fiji_White_Sand_1920x1280\" class=\"elementor-animation-float\" loading=\"lazy\" \/>\t\t\t\t\t\t\t\t<\/a>\n\t\t\t\t\t\t\t\t\t\t\t<figcaption class=\"widget-image-caption wp-caption-text\"><\/figcaption>\n\t\t\t\t\t\t\t\t\t\t<\/figure>\n\t\t\t\t\t\t\t\t\t<\/div>\n\t\t\t\t<div class=\"elementor-element elementor-element-17dfb9cf elementor-widget elementor-widget-theme-post-title elementor-page-title elementor-widget-heading\" data-id=\"17dfb9cf\" data-element_type=\"widget\" data-e-type=\"widget\" data-widget_type=\"theme-post-title.default\">\n\t\t\t\t\t<h1 class=\"elementor-heading-title elementor-size-default\"><a href=\"https:\/\/shop.atiaquaristik.com\/reefessentials\/sand\/\">Fiji White Sand<\/a><\/h1>\t\t\t\t<\/div>\n\t\t\t\t<div class=\"elementor-element elementor-element-96d0f6a elementor-hidden-desktop elementor-hidden-tablet elementor-hidden-mobile elementor-widget elementor-widget-theme-post-content\" data-id=\"96d0f6a\" data-element_type=\"widget\" data-e-type=\"widget\" data-widget_type=\"theme-post-content.default\">\n\t\t\t\t\t<p>Strahlend wei\u00dfer, nat\u00fcrlicher Bodengrund f\u00fcr Meerwasseraquarien<\/p>\n\t\t\t\t<\/div>\n\t\t\t\t<div class=\"elementor-element elementor-element-d347b2b elementor-widget elementor-widget-text-editor\" data-id=\"d347b2b\" data-element_type=\"widget\" data-e-type=\"widget\" data-widget_type=\"text-editor.default\">\n\t\t\t\t\t\t\t\t\t<p>Strahlend wei\u00dfer, nat\u00fcrlicher Bodengrund f\u00fcr Meerwasseraquarien<\/p>\n\t\t\t\t\t\t\t\t<\/div>\n\t\t\t\t<\/div>\n\t\t\t\t<\/div>\n\t\t\t\t<\/div>\n\t\t\n\t\t\t\t\t\t<\/div>\n\t\t\t\t<\/div>\n\t\t\t\t\t<\/div>\n\t\t\t\t<\/div>\n\t\t\t\t<\/div>\n\t\t","protected":false},"excerpt":{"rendered":"<p>Sand REEFEssentials \/ Sand<\/p>\n","protected":false},"author":1,"featured_media":0,"parent":674,"menu_order":0,"comment_status":"closed","ping_status":"closed","template":"elementor_header_footer","meta":{"_acf_changed":false,"footnotes":""},"class_list":["post-684","page","type-page","status-publish","hentry"],"acf":[],"_links":{"self":[{"href":"https:\/\/homepagenewcp.atiaquaristik.com\/de\/wp-json\/wp\/v2\/pages\/684","targetHints":{"allow":["GET"]}}],"collection":[{"href":"https:\/\/homepagenewcp.atiaquaristik.com\/de\/wp-json\/wp\/v2\/pages"}],"about":[{"href":"https:\/\/homepagenewcp.atiaquaristik.com\/de\/wp-json\/wp\/v2\/types\/page"}],"author":[{"embeddable":true,"href":"https:\/\/homepagenewcp.atiaquaristik.com\/de\/wp-json\/wp\/v2\/users\/1"}],"replies":[{"embeddable":true,"href":"https:\/\/homepagenewcp.atiaquaristik.com\/de\/wp-json\/wp\/v2\/comments?post=684"}],"version-history":[{"count":13,"href":"https:\/\/homepagenewcp.atiaquaristik.com\/de\/wp-json\/wp\/v2\/pages\/684\/revisions"}],"predecessor-version":[{"id":4597,"href":"https:\/\/homepagenewcp.atiaquaristik.com\/de\/wp-json\/wp\/v2\/pages\/684\/revisions\/4597"}],"up":[{"embeddable":true,"href":"https:\/\/homepagenewcp.atiaquaristik.com\/de\/wp-json\/wp\/v2\/pages\/674"}],"wp:attachment":[{"href":"https:\/\/homepagenewcp.atiaquaristik.com\/de\/wp-json\/wp\/v2\/media?parent=684"}],"curies":[{"name":"wp","href":"https:\/\/api.w.org\/{rel}","templated":true}]}}